{"id":1474,"date":"2024-01-03T17:02:10","date_gmt":"2024-01-03T17:02:10","guid":{"rendered":"https:\/\/tractamentdeldolor.com\/podologia-girona\/"},"modified":"2025-08-26T19:32:19","modified_gmt":"2025-08-26T19:32:19","slug":"podologia-girona","status":"publish","type":"page","link":"https:\/\/tractamentdeldolor.com\/es\/podologia-girona\/","title":{"rendered":"Podolog\u00eda"},"content":{"rendered":"<p>[et_pb_section fb_built=\u00bb1&#8243; admin_label=\u00bbHeader\u00bb _builder_version=\u00bb4.21.0&#8243; _module_preset=\u00bbdefault\u00bb custom_padding=\u00bb0px||0px||true|false\u00bb border_color_all=\u00bb#3d5c75&#8243; collapsed=\u00bbon\u00bb global_colors_info=\u00bb{}\u00bb][et_pb_row column_structure=\u00bb3_5,2_5&#8243; make_equal=\u00bbon\u00bb _builder_version=\u00bb4.23.4&#8243; _module_preset=\u00bbdefault\u00bb custom_padding=\u00bb0px||0px||true|false\u00bb border_color_all=\u00bb#3d5c75&#8243; border_width_bottom=\u00bb2px\u00bb global_colors_info=\u00bb{}\u00bb][et_pb_column type=\u00bb3_5&#8243; _builder_version=\u00bb4.20.0&#8243; _module_preset=\u00bbdefault\u00bb custom_padding=\u00bb6%||6%||true|false\u00bb global_colors_info=\u00bb{}\u00bb][et_pb_text _builder_version=\u00bb4.21.0&#8243; _module_preset=\u00bb0a76f6c6-359e-4bd3-a756-ce0e926c545c\u00bb header_font=\u00bbDM Sans|600|||||||\u00bb custom_margin=\u00bb||30px||false|false\u00bb global_colors_info=\u00bb{}\u00bb]<\/p>\n<h1>CESMAR Podolog\u00eda<\/h1>\n<p>[\/et_pb_text][et_pb_text _builder_version=\u00bb4.23.4&#8243; _module_preset=\u00bb9d97eaf9-fac3-4617-ab9d-2671eca4b1cf\u00bb custom_margin=\u00bb||30px||false|false\u00bb global_colors_info=\u00bb{}\u00bb]<\/p>\n<p>La Podolog\u00eda es una rama esencial de la medicina dedicada al estudio, diagn\u00f3stico y tratamiento de las enfermedades y alteraciones que afectan al pie.<\/p>\n<p>Esta especialidad no s\u00f3lo se dedica a la promoci\u00f3n de la salud integral, sino que tambi\u00e9n desempe\u00f1a un papel fundamental en la prevenci\u00f3n de afecciones y deformidades del pie. En CESMAR Llagostera ofrecemos respuestas adecuadas mediante t\u00e9cnicas diagn\u00f3sticas y tratamientos adaptados a las necesidades individuales de cada uno de nuestros pacientes.<\/p>\n<p>[\/et_pb_text][et_pb_button button_url=\u00bbhttps:\/\/tractamentdeldolor.com\/es\/contacto\/\u00bb button_text=\u00bbPide cita\u00bb _builder_version=\u00bb4.23.4&#8243; _module_preset=\u00bb300fcd3b-f488-4b27-8c80-91a5da04c314&#8243; global_colors_info=\u00bb{}\u00bb][\/et_pb_button][\/et_pb_column][et_pb_column type=\u00bb2_5&#8243; _builder_version=\u00bb4.23.4&#8243; _module_preset=\u00bbdefault\u00bb background_image=\u00bbhttps:\/\/tractamentdeldolor.com\/wp-content\/uploads\/2024\/01\/podologia3.jpg\u00bb border_color_all=\u00bb#0E2D41&#8243; border_width_left=\u00bb2px\u00bb global_colors_info=\u00bb{}\u00bb][et_pb_divider show_divider=\u00bboff\u00bb _builder_version=\u00bb4.19.3&#8243; _module_preset=\u00bbdefault\u00bb height_tablet=\u00bb40vw\u00bb height_phone=\u00bb40vw\u00bb height_last_edited=\u00bbon|desktop\u00bb locked=\u00bboff\u00bb global_colors_info=\u00bb{}\u00bb][\/et_pb_divider][\/et_pb_column][\/et_pb_row][\/et_pb_section][et_pb_section fb_built=\u00bb1&#8243; _builder_version=\u00bb4.20.0&#8243; _module_preset=\u00bbdefault\u00bb global_colors_info=\u00bb{}\u00bb][et_pb_row column_structure=\u00bb2_5,3_5&#8243; _builder_version=\u00bb4.20.0&#8243; _module_preset=\u00bbdefault\u00bb global_colors_info=\u00bb{}\u00bb][et_pb_column type=\u00bb2_5&#8243; _builder_version=\u00bb4.20.0&#8243; _module_preset=\u00bbdefault\u00bb global_colors_info=\u00bb{}\u00bb][et_pb_image src=\u00bbhttps:\/\/tractamentdeldolor.com\/wp-content\/uploads\/2024\/01\/suports-plantars.png\u00bb title_text=\u00bbhospital-10&#8243; _builder_version=\u00bb4.23.4&#8243; _module_preset=\u00bbdefault\u00bb global_colors_info=\u00bb{}\u00bb][\/et_pb_image][\/et_pb_column][et_pb_column type=\u00bb3_5&#8243; _builder_version=\u00bb4.20.0&#8243; _module_preset=\u00bbdefault\u00bb global_colors_info=\u00bb{}\u00bb][et_pb_text _builder_version=\u00bb4.23.4&#8243; _module_preset=\u00bb7288814c-9918-4cde-9569-f53da23ac8a2&#8243; header_2_font=\u00bbDM Sans|600|||||||\u00bb header_2_font_size=\u00bb36px\u00bb custom_margin=\u00bb||||false|false\u00bb locked=\u00bboff\u00bb global_colors_info=\u00bb{}\u00bb]<\/p>\n<h2>Estudio Biomec\u00e1nico Computerizado<\/h2>\n<p>[\/et_pb_text][et_pb_text _builder_version=\u00bb4.23.4&#8243; _module_preset=\u00bb9d97eaf9-fac3-4617-ab9d-2671eca4b1cf\u00bb locked=\u00bboff\u00bb global_colors_info=\u00bb{}\u00bb]<\/p>\n<p>El estudio biomec\u00e1nico de la marcha es una herramienta esencial para la salud de tus pies y tu cuerpo en general. A trav\u00e9s de este servicio, realizamos un conjunto de pruebas que permiten examinar el pie en posiciones est\u00e1ticas y din\u00e1micas, con el objetivo de determinar la forma de caminar del paciente y prevenir y detectar anomal\u00edas.<\/p>\n<p>Caminar adecuadamente no s\u00f3lo es fundamental para la salud de tus pies, sino que tambi\u00e9n puede influir en la prevenci\u00f3n de posibles lesiones futuras en otras zonas del cuerpo, como las rodillas, las caderas o la espalda.<\/p>\n<p>Nuestro servicio de estudio biomec\u00e1nico consta de dos fases principales: un primer an\u00e1lisis m\u00e9dico en el que exploramos tus necesidades individuales, y un estudio de tu huella plantar.<\/p>\n<p>[\/et_pb_text][et_pb_button button_url=\u00bbhttps:\/\/tractamentdeldolor.com\/es\/contacto\/\u00bb button_text=\u00bbContacta para m\u00e1s informaci\u00f3n\u00bb _builder_version=\u00bb4.27.4&#8243; _module_preset=\u00bb300fcd3b-f488-4b27-8c80-91a5da04c314&#8243; locked=\u00bboff\u00bb global_colors_info=\u00bb{}\u00bb][\/et_pb_button][\/et_pb_column][\/et_pb_row][\/et_pb_section][et_pb_section fb_built=\u00bb1&#8243; _builder_version=\u00bb4.20.0&#8243; _module_preset=\u00bbdefault\u00bb global_colors_info=\u00bb{}\u00bb][et_pb_row column_structure=\u00bb2_5,3_5&#8243; _builder_version=\u00bb4.20.0&#8243; _module_preset=\u00bbdefault\u00bb global_colors_info=\u00bb{}\u00bb][et_pb_column type=\u00bb2_5&#8243; _builder_version=\u00bb4.20.0&#8243; _module_preset=\u00bbdefault\u00bb global_colors_info=\u00bb{}\u00bb][et_pb_text _builder_version=\u00bb4.23.4&#8243; _module_preset=\u00bb9d97eaf9-fac3-4617-ab9d-2671eca4b1cf\u00bb locked=\u00bboff\u00bb global_colors_info=\u00bb{}\u00bb]<\/p>\n<p>Los soportes plantares personalizados confeccionados con la t\u00e9cnica de adaptaci\u00f3n en directo, conocida como TAD, ofrecen una soluci\u00f3n \u00fanica y efectiva para problemas como las lumbalgias, coxalgias, gonalgias y dorsalgias. A trav\u00e9s de esta avanzada t\u00e9cnica, se corrigen posiciones que a menudo son la causa directa o el agravamiento de estos malestares.<\/p>\n<p>Profundiza en c\u00f3mo los soportes plantares personalizados con TAD pueden mejorar tu calidad de vida y aliviar las molestias asociadas a estas condiciones en nuestra secci\u00f3n dedicada. \u00a1Tu salud y comodidad son nuestra prioridad!<\/p>\n<p>[\/et_pb_text][et_pb_button button_url=\u00bbhttps:\/\/tractamentdeldolor.com\/es\/contacto\/\u00bb button_text=\u00bbContacta para m\u00e1s informaci\u00f3n\u00bb _builder_version=\u00bb4.27.4&#8243; _module_preset=\u00bb300fcd3b-f488-4b27-8c80-91a5da04c314&#8243; locked=\u00bboff\u00bb global_colors_info=\u00bb{}\u00bb][\/et_pb_button][\/et_pb_column][et_pb_column type=\u00bb3_5&#8243; _builder_version=\u00bb4.20.0&#8243; _module_preset=\u00bbdefault\u00bb global_colors_info=\u00bb{}\u00bb][et_pb_text _builder_version=\u00bb4.23.4&#8243; _module_preset=\u00bb7288814c-9918-4cde-9569-f53da23ac8a2&#8243; header_2_font=\u00bbDM Sans|600|||||||\u00bb header_2_font_size=\u00bb36px\u00bb custom_margin=\u00bb||||false|false\u00bb locked=\u00bboff\u00bb global_colors_info=\u00bb{}\u00bb]<\/p>\n<h2>Soportes Plantares Personalizados<\/h2>\n<p>[\/et_pb_text][et_pb_image src=\u00bbhttps:\/\/tractamentdeldolor.com\/wp-content\/uploads\/2024\/01\/podologia4.jpg\u00bb _builder_version=\u00bb4.23.4&#8243; _module_preset=\u00bbdefault\u00bb global_colors_info=\u00bb{}\u00bb][\/et_pb_image][\/et_pb_column][\/et_pb_row][et_pb_row column_structure=\u00bb1_3,1_3,1_3&#8243; custom_padding_last_edited=\u00bbon|phone\u00bb _builder_version=\u00bb4.20.0&#8243; _module_preset=\u00bbdefault\u00bb background_color=\u00bb#FFFFFF\u00bb z_index=\u00bb10&#8243; max_width=\u00bb980px\u00bb custom_margin=\u00bb-9px|auto||auto|false|false\u00bb custom_margin_tablet=\u00bb0px||||false|false\u00bb custom_margin_phone=\u00bb0px||||false|false\u00bb custom_margin_last_edited=\u00bbon|tablet\u00bb custom_padding=\u00bb91px||0px|40px|false|false\u00bb custom_padding_tablet=\u00bb30px||30px|0px|true|false\u00bb custom_padding_phone=\u00bb30px||30px|0px|true|false\u00bb locked=\u00bboff\u00bb global_colors_info=\u00bb{}\u00bb][et_pb_column type=\u00bb1_3&#8243; _builder_version=\u00bb4.20.0&#8243; _module_preset=\u00bbdefault\u00bb global_colors_info=\u00bb{}\u00bb][et_pb_blurb title=\u00bbMedicina F\u00edsica y Rehabilitaci\u00f3n\u00bb use_icon=\u00bbon\u00bb font_icon=\u00bb&#xf4be;||fa||900&#8243; _builder_version=\u00bb4.23.4&#8243; _module_preset=\u00bb321f63c8-5bbb-4698-9805-5e31a533cc69&#8243; link_option_url=\u00bbhttps:\/\/tractamentdeldolor.com\/es\/medicina-y-rehabilitacion-girona\/\u00bb locked=\u00bboff\u00bb global_colors_info=\u00bb{%22gcid-1b9885b1-d5db-4c39-ab49-d8f90e824600%22:%91%22quote_border_color%22,%22icon_color%22%93,%22gcid-555099d8-0bfe-48de-9d1d-02daa12bfc00%22:%91%22header_text_color%22%93}\u00bb][\/et_pb_blurb][\/et_pb_column][et_pb_column type=\u00bb1_3&#8243; _builder_version=\u00bb4.20.0&#8243; _module_preset=\u00bbdefault\u00bb global_colors_info=\u00bb{}\u00bb][et_pb_blurb title=\u00bbElectromedicina\u00bb use_icon=\u00bbon\u00bb font_icon=\u00bb&#xf21e;||fa||900&#8243; _builder_version=\u00bb4.23.4&#8243; _module_preset=\u00bb321f63c8-5bbb-4698-9805-5e31a533cc69&#8243; link_option_url=\u00bbhttps:\/\/tractamentdeldolor.com\/es\/electromedicina-girona-biocesmar-af-200s\/\u00bb locked=\u00bboff\u00bb global_colors_info=\u00bb{%22gcid-1b9885b1-d5db-4c39-ab49-d8f90e824600%22:%91%22quote_border_color%22,%22icon_color%22%93,%22gcid-555099d8-0bfe-48de-9d1d-02daa12bfc00%22:%91%22header_text_color%22%93}\u00bb][\/et_pb_blurb][\/et_pb_column][et_pb_column type=\u00bb1_3&#8243; _builder_version=\u00bb4.20.0&#8243; _module_preset=\u00bbdefault\u00bb global_colors_info=\u00bb{}\u00bb][et_pb_blurb title=\u00bbPodolog\u00eda\u00bb use_icon=\u00bbon\u00bb font_icon=\u00bb&#xf54b;||fa||900&#8243; _builder_version=\u00bb4.23.4&#8243; _module_preset=\u00bb321f63c8-5bbb-4698-9805-5e31a533cc69&#8243; link_option_url=\u00bbhttps:\/\/tractamentdeldolor.com\/es\/podologia-girona\/\u00bb locked=\u00bboff\u00bb global_colors_info=\u00bb{%22gcid-1b9885b1-d5db-4c39-ab49-d8f90e824600%22:%91%22quote_border_color%22,%22icon_color%22%93,%22gcid-555099d8-0bfe-48de-9d1d-02daa12bfc00%22:%91%22header_text_color%22%93}\u00bb][\/et_pb_blurb][\/et_pb_column][\/et_pb_row][\/et_pb_section][et_pb_section fb_built=\u00bb1&#8243; _builder_version=\u00bb4.23.4&#8243; _module_preset=\u00bbdefault\u00bb custom_padding=\u00bb0px||28px|||\u00bb global_colors_info=\u00bb{}\u00bb][et_pb_row _builder_version=\u00bb4.23.4&#8243; _module_preset=\u00bbdefault\u00bb global_colors_info=\u00bb{}\u00bb][et_pb_column type=\u00bb4_4&#8243; _builder_version=\u00bb4.23.4&#8243; _module_preset=\u00bbdefault\u00bb global_colors_info=\u00bb{}\u00bb][et_pb_blog_extras posts_number=\u00bb3&#8243; include_categories=\u00bb26,64,76,72&#8243; blog_layout=\u00bbbox_extended\u00bb show_more=\u00bboff\u00bb show_author=\u00bboff\u00bb show_date=\u00bboff\u00bb show_categories=\u00bboff\u00bb show_comments=\u00bboff\u00bb _builder_version=\u00bb4.23.4&#8243; _module_preset=\u00bbdefault\u00bb global_colors_info=\u00bb{}\u00bb][\/et_pb_blog_extras][\/et_pb_column][\/et_pb_row][\/et_pb_section][et_pb_section fb_built=\u00bb1&#8243; admin_label=\u00bbFooter\u00bb _builder_version=\u00bb4.19.3&#8243; _module_preset=\u00bbdefault\u00bb background_color=\u00bbgcid-1b9885b1-d5db-4c39-ab49-d8f90e824600&#8243; custom_padding=\u00bb||11px|||\u00bb saved_tabs=\u00bball\u00bb locked=\u00bboff\u00bb collapsed=\u00bbon\u00bb global_colors_info=\u00bb{%22gcid-1b9885b1-d5db-4c39-ab49-d8f90e824600%22:%91%22background_color%22%93}\u00bb][et_pb_row column_structure=\u00bb1_4,3_4&#8243; _builder_version=\u00bb4.19.3&#8243; _module_preset=\u00bbdefault\u00bb global_colors_info=\u00bb{}\u00bb][et_pb_column type=\u00bb1_4&#8243; _builder_version=\u00bb4.19.3&#8243; _module_preset=\u00bbdefault\u00bb global_colors_info=\u00bb{}\u00bb][et_pb_image src=\u00bbhttps:\/\/tractamentdeldolor.com\/wp-content\/uploads\/2021\/07\/cesmar-logo.png\u00bb title_text=\u00bbcesmar-logo\u00bb _builder_version=\u00bb4.21.0&#8243; _module_preset=\u00bbdefault\u00bb global_colors_info=\u00bb{}\u00bb][\/et_pb_image][\/et_pb_column][et_pb_column type=\u00bb3_4&#8243; _builder_version=\u00bb4.19.3&#8243; _module_preset=\u00bbdefault\u00bb global_colors_info=\u00bb{}\u00bb][et_pb_text _builder_version=\u00bb4.21.0&#8243; _module_preset=\u00bb9d97eaf9-fac3-4617-ab9d-2671eca4b1cf\u00bb text_text_color=\u00bb#FFFFFF\u00bb header_3_font=\u00bbDM Sans||||||||\u00bb header_3_text_color=\u00bb#FFFFFF\u00bb global_colors_info=\u00bb{}\u00bb]&nbsp;<br \/>\n&nbsp;[\/et_pb_text][et_pb_text _builder_version=\u00bb4.21.0&#8243; _module_preset=\u00bb9d97eaf9-fac3-4617-ab9d-2671eca4b1cf\u00bb text_text_color=\u00bb#FFFFFF\u00bb header_3_font=\u00bbDM Sans||||||||\u00bb header_3_text_color=\u00bb#FFFFFF\u00bb global_colors_info=\u00bb{}\u00bb]<\/p>\n<h3>Centro M\u00e9dico de Recuperaci\u00f3n funcional y Fisioterapia en Llagostera<\/h3>\n<p>[\/et_pb_text][\/et_pb_column][\/et_pb_row][et_pb_row column_structure=\u00bb1_4,1_4,1_4,1_4&#8243; _builder_version=\u00bb4.19.3&#8243; _module_preset=\u00bbdefault\u00bb global_colors_info=\u00bb{}\u00bb][et_pb_column type=\u00bb1_4&#8243; _builder_version=\u00bb4.19.3&#8243; _module_preset=\u00bbdefault\u00bb global_colors_info=\u00bb{}\u00bb][et_pb_text _builder_version=\u00bb4.21.0&#8243; _module_preset=\u00bba02cea93-f7bd-4a94-8bd8-4186904ff648&#8243; header_4_text_color=\u00bb#FFFFFF\u00bb global_colors_info=\u00bb{}\u00bb]<\/p>\n<h4>Contacto<\/h4>\n<p>[\/et_pb_text][et_pb_blurb use_icon=\u00bbon\u00bb font_icon=\u00bb&#xe090;||divi||400&#8243; _builder_version=\u00bb4.21.0&#8243; _module_preset=\u00bb01a381b8-d1aa-4262-a61c-fb6d942013aa\u00bb header_font_size_tablet=\u00bb15px\u00bb header_font_size_phone=\u00bb14px\u00bb header_font_size_last_edited=\u00bbon|desktop\u00bb locked=\u00bboff\u00bb global_colors_info=\u00bb{}\u00bb]<\/p>\n<div class=\"et_pb_blurb_description\">\n<p>+34 972 83 02 02<\/p>\n<\/div>\n<p>[\/et_pb_blurb][et_pb_blurb use_icon=\u00bbon\u00bb font_icon=\u00bb&#xe076;||divi||400&#8243; _builder_version=\u00bb4.21.0&#8243; _module_preset=\u00bb01a381b8-d1aa-4262-a61c-fb6d942013aa\u00bb body_link_text_color=\u00bb#FFFFFF\u00bb header_font_size_tablet=\u00bb15px\u00bb header_font_size_phone=\u00bb14px\u00bb header_font_size_last_edited=\u00bbon|desktop\u00bb locked=\u00bboff\u00bb global_colors_info=\u00bb{}\u00bb]<a href=\"mailto:#\">info@cesmar.es<\/a>[\/et_pb_blurb][et_pb_blurb use_icon=\u00bbon\u00bb font_icon=\u00bb&#xf3c5;||fa||900&#8243; _builder_version=\u00bb4.21.0&#8243; _module_preset=\u00bb01a381b8-d1aa-4262-a61c-fb6d942013aa\u00bb header_font_size_tablet=\u00bb15px\u00bb header_font_size_phone=\u00bb14px\u00bb header_font_size_last_edited=\u00bbon|desktop\u00bb locked=\u00bboff\u00bb global_colors_info=\u00bb{}\u00bb]<\/p>\n<p>C\/ Ricard Casademont, 2<br \/>\n17240 Llagostera Girona<\/p>\n<p>[\/et_pb_blurb][\/et_pb_column][et_pb_column type=\u00bb1_4&#8243; _builder_version=\u00bb4.19.3&#8243; _module_preset=\u00bbdefault\u00bb global_colors_info=\u00bb{}\u00bb][et_pb_text _builder_version=\u00bb4.19.5&#8243; _module_preset=\u00bba02cea93-f7bd-4a94-8bd8-4186904ff648&#8243; header_4_text_color=\u00bb#FFFFFF\u00bb locked=\u00bboff\u00bb global_colors_info=\u00bb{}\u00bb]<\/p>\n<h4>Links<\/h4>\n<p>[\/et_pb_text][et_pb_text _builder_version=\u00bb4.23.4&#8243; _module_preset=\u00bb79720d42-d922-4cd2-ab0b-4463ae84258a\u00bb text_text_color=\u00bb#FFFFFF\u00bb link_text_color=\u00bb#FFFFFF\u00bb custom_margin=\u00bb||10px||false|false\u00bb global_colors_info=\u00bb{}\u00bb]<\/p>\n<p><a href=\"https:\/\/tractamentdeldolor.com\/es\/medicina-y-rehabilitacion-girona\/\">Medicina y Rehabilitaci\u00f3n<\/a><\/p>\n<p>[\/et_pb_text][et_pb_text _builder_version=\u00bb4.23.4&#8243; _module_preset=\u00bb79720d42-d922-4cd2-ab0b-4463ae84258a\u00bb text_text_color=\u00bb#FFFFFF\u00bb link_text_color=\u00bb#FFFFFF\u00bb custom_margin=\u00bb||10px||false|false\u00bb global_colors_info=\u00bb{}\u00bb]<\/p>\n<p><a href=\"https:\/\/tractamentdeldolor.com\/es\/podologia-girona\/\">Podolog\u00eda<\/a><\/p>\n<p>[\/et_pb_text][et_pb_text _builder_version=\u00bb4.23.4&#8243; _module_preset=\u00bb79720d42-d922-4cd2-ab0b-4463ae84258a\u00bb text_text_color=\u00bb#FFFFFF\u00bb link_text_color=\u00bb#FFFFFF\u00bb custom_margin=\u00bb||10px||false|false\u00bb global_colors_info=\u00bb{}\u00bb]<\/p>\n<p><a href=\"https:\/\/tractamentdeldolor.com\/es\/blog\/\">Actualidad<\/a><\/p>\n<p>[\/et_pb_text][et_pb_text _builder_version=\u00bb4.23.4&#8243; _module_preset=\u00bb79720d42-d922-4cd2-ab0b-4463ae84258a\u00bb text_text_color=\u00bb#FFFFFF\u00bb link_text_color=\u00bb#FFFFFF\u00bb custom_margin=\u00bb||10px||false|false\u00bb global_colors_info=\u00bb{}\u00bb]<\/p>\n<p><a href=\"https:\/\/tractamentdeldolor.com\/es\/contacto\/\">Contacta con nosotros<\/a><\/p>\n<p>[\/et_pb_text][\/et_pb_column][et_pb_column type=\u00bb1_4&#8243; _builder_version=\u00bb4.19.3&#8243; _module_preset=\u00bbdefault\u00bb global_colors_info=\u00bb{}\u00bb][et_pb_text _builder_version=\u00bb4.21.0&#8243; _module_preset=\u00bba02cea93-f7bd-4a94-8bd8-4186904ff648&#8243; header_4_text_color=\u00bb#FFFFFF\u00bb locked=\u00bboff\u00bb global_colors_info=\u00bb{}\u00bb]<\/p>\n<h4>Horario<\/h4>\n<p>[\/et_pb_text][et_pb_text _builder_version=\u00bb4.27.4&#8243; _module_preset=\u00bb79720d42-d922-4cd2-ab0b-4463ae84258a\u00bb text_text_color=\u00bb#FFFFFF\u00bb hover_enabled=\u00bb0&#8243; global_colors_info=\u00bb{}\u00bb sticky_enabled=\u00bb0&#8243;]<\/p>\n<div class=\"et_pb_module et_pb_text et_pb_text_16  et_pb_text_align_left et_pb_bg_layout_light\">\n<div class=\"et_pb_text_inner\">\n<p>Lunes: 15:30 \u2013 20:00<\/p>\n<p>Martes<br \/>9:00 \u2013 13:30<br \/>15:00 \u2013 20:00<\/p>\n<p>Jueves<br \/>9:00 \u2013 13:30<br \/>15:30 \u2013 20:00<\/p>\n<p>Viernes: 8:30 \u2013 14:00<\/p>\n<\/div>\n<\/div>\n<p>[\/et_pb_text][\/et_pb_column][et_pb_column type=\u00bb1_4&#8243; _builder_version=\u00bb4.19.3&#8243; _module_preset=\u00bbdefault\u00bb global_colors_info=\u00bb{}\u00bb][et_pb_text _builder_version=\u00bb4.21.0&#8243; _module_preset=\u00bbdefault\u00bb global_colors_info=\u00bb{}\u00bb][\/et_pb_text][et_pb_text _builder_version=\u00bb4.21.0&#8243; _module_preset=\u00bbdefault\u00bb global_colors_info=\u00bb{}\u00bb][\/et_pb_text][et_pb_text _builder_version=\u00bb4.21.0&#8243; _module_preset=\u00bbdefault\u00bb global_colors_info=\u00bb{}\u00bb][\/et_pb_text][et_pb_text _builder_version=\u00bb4.21.0&#8243; _module_preset=\u00bbdefault\u00bb global_colors_info=\u00bb{}\u00bb][\/et_pb_text][et_pb_image src=\u00bbhttps:\/\/tractamentdeldolor.com\/wp-content\/uploads\/2023\/06\/madrid.png\u00bb _builder_version=\u00bb4.21.0&#8243; _module_preset=\u00bbdefault\u00bb global_colors_info=\u00bb{}\u00bb][\/et_pb_image][et_pb_image src=\u00bbhttps:\/\/tractamentdeldolor.com\/wp-content\/uploads\/2023\/06\/generalitat.png\u00bb _builder_version=\u00bb4.21.0&#8243; _module_preset=\u00bbdefault\u00bb global_colors_info=\u00bb{}\u00bb][\/et_pb_image][et_pb_text _builder_version=\u00bb4.21.0&#8243; _module_preset=\u00bbdefault\u00bb global_colors_info=\u00bb{}\u00bb]<\/p>\n<p style=\"text-align: center;\"><span style=\"color: #ffffff;\"><a href=\"https:\/\/tractamentdeldolor.com\/aviso-legal\/\" style=\"color: #ffffff;\">Aviso legal<\/a> <\/span><\/p>\n<p style=\"text-align: center;\"><a href=\"https:\/\/tractamentdeldolor.com\/politica-de-cookies-eu\/\"><span style=\"color: #ffffff;\">Pol\u00edtica de privacidad<\/span><\/a><\/p>\n<p>[\/et_pb_text][et_pb_divider show_divider=\u00bboff\u00bb _builder_version=\u00bb4.21.0&#8243; _module_preset=\u00bbdefault\u00bb global_colors_info=\u00bb{}\u00bb][\/et_pb_divider][\/et_pb_column][\/et_pb_row][et_pb_row _builder_version=\u00bb4.19.3&#8243; _module_preset=\u00bbdefault\u00bb custom_margin=\u00bb|auto|106px|auto||\u00bb custom_padding=\u00bb||27px|||\u00bb global_colors_info=\u00bb{}\u00bb][et_pb_column type=\u00bb4_4&#8243; _builder_version=\u00bb4.19.3&#8243; _module_preset=\u00bbdefault\u00bb global_colors_info=\u00bb{}\u00bb][et_pb_text _builder_version=\u00bb4.21.0&#8243; _dynamic_attributes=\u00bbcontent\u00bb _module_preset=\u00bb79720d42-d922-4cd2-ab0b-4463ae84258a\u00bb text_text_color=\u00bb#FFFFFF\u00bb text_orientation=\u00bbcenter\u00bb custom_margin=\u00bb||-20px|||\u00bb global_colors_info=\u00bb{}\u00bb]@ET-DC@eyJkeW5hbWljIjp0cnVlLCJjb250ZW50IjoiY3VycmVudF9kYXRlIiwic2V0dGluZ3MiOnsiYmVmb3JlIjoiQ29weXJpZ2h0IFx1MDBhOSAiLCJhZnRlciI6IiAgQ0VTTUFSIExsYWdvc3RlcmEuIFRyYXRhbWllbnRvIGRlbCBkb2xvciBHZXJvbmEuIiwiZGF0ZV9mb3JtYXQiOiJjdXN0b20iLCJjdXN0b21fZGF0ZV9mb3JtYXQiOiJZIiwiZW5hYmxlX2h0bWwiOiJvZmYifX0=@[\/et_pb_text][\/et_pb_column][\/et_pb_row][\/et_pb_section]<\/p>\n","protected":false},"excerpt":{"rendered":"<p>CESMAR Podolog&iacute;aLa Podolog&iacute;a es una rama esencial de la medicina dedicada al estudio, diagn&oacute;stico y tratamiento de las enfermedades y alteraciones que afectan al pie. Esta especialidad no s&oacute;lo se dedica a la promoci&oacute;n de la salud integral, sino que tambi&eacute;n desempe&ntilde;a un papel fundamental en la prevenci&oacute;n de afecciones y deformidades del pie. En [&hellip;]<\/p>\n","protected":false},"author":1,"featured_media":0,"parent":0,"menu_order":0,"comment_status":"closed","ping_status":"closed","template":"","meta":{"_et_pb_use_builder":"on","_et_pb_old_content":"","_et_gb_content_width":"","footnotes":""},"class_list":["post-1474","page","type-page","status-publish","hentry"],"_links":{"self":[{"href":"https:\/\/tractamentdeldolor.com\/es\/wp-json\/wp\/v2\/pages\/1474","targetHints":{"allow":["GET"]}}],"collection":[{"href":"https:\/\/tractamentdeldolor.com\/es\/wp-json\/wp\/v2\/pages"}],"about":[{"href":"https:\/\/tractamentdeldolor.com\/es\/wp-json\/wp\/v2\/types\/page"}],"author":[{"embeddable":true,"href":"https:\/\/tractamentdeldolor.com\/es\/wp-json\/wp\/v2\/users\/1"}],"replies":[{"embeddable":true,"href":"https:\/\/tractamentdeldolor.com\/es\/wp-json\/wp\/v2\/comments?post=1474"}],"version-history":[{"count":0,"href":"https:\/\/tractamentdeldolor.com\/es\/wp-json\/wp\/v2\/pages\/1474\/revisions"}],"wp:attachment":[{"href":"https:\/\/tractamentdeldolor.com\/es\/wp-json\/wp\/v2\/media?parent=1474"}],"curies":[{"name":"wp","href":"https:\/\/api.w.org\/{rel}","templated":true}]}}